{"id":22,"date":"2023-10-18T17:46:22","date_gmt":"2023-10-18T17:46:22","guid":{"rendered":"http:\/\/www.pmcpservices.com\/?page_id=22"},"modified":"2024-01-23T01:01:40","modified_gmt":"2024-01-23T01:01:40","slug":"contactos","status":"publish","type":"page","link":"https:\/\/www.pmcpservices.com\/en\/contactos\/","title":{"rendered":"Contacts"},"content":{"rendered":"<body><p>[et_pb_section fb_built=\u201d1\u2033 custom_padding_last_edited=\u201don|phone\u201d admin_label=\u201dHero\u201d _builder_version=\u201d4.17.1\u2033 _module_preset=\u201ddefault\u201d use_background_color_gradient=\u201don\u201d background_color_gradient_type=\u201dcircular\u201d background_color_gradient_direction_radial=\u201dtop left\u201d background_color_gradient_stops=\u201drgba(0,0,0,0.7) 0%|rgba(0,36,58,0.8) 99%\u201d background_color_gradient_overlays_image=\u201don\u201d background_color_gradient_start=\u201drgba(40,40,40,0.79)\u201d background_color_gradient_end=\u201drgba(40,40,40,0.86)\u201d background_image=\u201dhttp:\/\/www.pmcpservices.com\/wp-content\/uploads\/2023\/10\/Contactos-PMCP-Services.webp\u201d custom_padding=\u201d6vw||6vw|0px|false|false\u201d custom_padding_tablet=\u201d15vw||||false|false\u201d custom_padding_phone=\u201d25vw||6px||false|false\u201d global_colors_info=\u201d{}\u201d][et_pb_row column_structure=\u201d3_5,2_5\u2033 use_custom_gutter=\u201don\u201d make_equal=\u201don\u201d custom_padding_last_edited=\u201don|phone\u201d padding_top_bottom_link_1=\u201dtrue\u201d padding_top_bottom_link_2=\u201dtrue\u201d padding_left_right_link_1=\u201dtrue\u201d padding_left_right_link_2=\u201dtrue\u201d _builder_version=\u201d4.17.1\u2033 _module_preset=\u201ddefault\u201d width=\u201d100%\u201d max_width=\u201d100%\u201d custom_padding=\u201d0px||0px|100px|true|false\u201d custom_padding_tablet=\u201d|||0px|true|false\u201d custom_padding_phone=\u201d|||0px|true|false\u201d use_custom_width=\u201don\u201d width_unit=\u201doff\u201d custom_width_percent=\u201d100%\u201d global_colors_info=\u201d{}\u201d][et_pb_column type=\u201d3_5\u2033 _builder_version=\u201d4.17.1\u2033 _module_preset=\u201ddefault\u201d background_color_gradient_start=\u201drgba(40,40,40,0.79)\u201d background_color_gradient_end=\u201drgba(40,40,40,0.86)\u201d custom_padding=\u201d7vw|6vw|10vw|6vw|false|false\u201d custom_padding_tablet=\u201d10vw|10%|10vw|10%|true|true\u201d custom_padding_phone=\u201d10vw|10%|10vw|10%|true|true\u201d custom_padding_last_edited=\u201don|desktop\u201d global_colors_info=\u201d{}\u201d padding_tablet=\u201d10vw|10%|10vw|10%|true|true\u201d padding_last_edited=\u201don|desktop\u201d custom_padding__hover=\u201d|||\u201d padding_phone=\u201d10vw|10%|10vw|10%|true|true\u201d][et_pb_text _builder_version=\u201d4.17.1\u2033 _module_preset=\u201ddefault\u201d text_font=\u201d||||||||\u201d header_font=\u201dRubik|700|||||||\u201d header_font_size=\u201d64px\u201d header_line_height=\u201d1.1em\u201d background_layout=\u201ddark\u201d max_width=\u201d800px\u201d custom_margin=\u201d||0px|\u201d custom_padding=\u201d|||16px\u201d text_font_size_tablet=\u201d14px\u201d text_font_size_last_edited=\u201doff|desktop\u201d header_font_size_tablet=\u201d44px\u201d header_font_size_phone=\u201d32px\u201d header_font_size_last_edited=\u201don|phone\u201d border_color_all=\u201d#ffb400\u2033 border_width_left=\u201d3px\u201d border_color_left=\u201d#3294bf\u201d global_colors_info=\u201d{}\u201d]<\/p>\n<h1>Contactos<\/h1>\n<p>[\/et_pb_text][et_pb_text _builder_version=\u201d4.17.1\u2033 _module_preset=\u201ddefault\u201d text_font=\u201d||||||||\u201d text_font_size=\u201d18px\u201d text_line_height=\u201d1.6em\u201d header_font=\u201d||||||||\u201d background_layout=\u201ddark\u201d max_width=\u201d800px\u201d custom_margin=\u201d|||\u201d custom_padding=\u201d20px||20px||true\u201d text_font_size_tablet=\u201d18px\u201d text_font_size_phone=\u201d\u201d text_font_size_last_edited=\u201don|phone\u201d global_colors_info=\u201d{}\u201d]<\/p>\n<p><span>\u00bfListo para seguir dando vida a tus proyecto? <strong>PMCP Services<\/strong> esta aqu\u00ed para convertir tus ideas en realidad.<\/span><\/p>\n<p>[\/et_pb_text][et_pb_button button_url=\u201dhttps:\/\/www.pmcpservices.com\/nosotros\/\u201d button_text=\u201dConoce m\u00e1s sobre nosotros\u201d _builder_version=\u201d4.17.1\u2033 _module_preset=\u201ddefault\u201d custom_button=\u201don\u201d button_text_size=\u201d14px\u201d button_bg_color=\u201d#3294bf\u201d button_border_width=\u201d12px\u201d button_border_color=\u201d#3294bf\u201d button_border_radius=\u201d0px\u201d button_letter_spacing=\u201d1px\u201d button_font=\u201dRubik|700||on|||||\u201d button_icon=\u201d$||divi||400\u2033 background_layout=\u201ddark\u201d custom_margin=\u201d||30px||false|false\u201d custom_margin_tablet=\u201d||30px||false|false\u201d custom_margin_phone=\u201d||50px||false|false\u201d custom_margin_last_edited=\u201don|phone\u201d custom_padding_tablet=\u201d||0px||false|false\u201d custom_padding_phone=\u201d||0px||false|false\u201d custom_padding_last_edited=\u201don|tablet\u201d global_colors_info=\u201d{}\u201d button_text_size__hover_enabled=\u201doff\u201d button_one_text_size__hover_enabled=\u201doff\u201d button_two_text_size__hover_enabled=\u201doff\u201d button_text_color__hover_enabled=\u201doff\u201d button_one_text_color__hover_enabled=\u201doff\u201d button_two_text_color__hover_enabled=\u201doff\u201d button_border_width__hover_enabled=\u201doff\u201d button_one_border_width__hover_enabled=\u201doff\u201d button_two_border_width__hover_enabled=\u201doff\u201d button_border_color__hover_enabled=\u201doff\u201d button_one_border_color__hover_enabled=\u201doff\u201d button_two_border_color__hover_enabled=\u201doff\u201d button_border_radius__hover_enabled=\u201doff\u201d button_one_border_radius__hover_enabled=\u201doff\u201d button_two_border_radius__hover_enabled=\u201doff\u201d button_letter_spacing__hover_enabled=\u201doff\u201d button_one_letter_spacing__hover_enabled=\u201doff\u201d button_two_letter_spacing__hover_enabled=\u201doff\u201d button_bg_color__hover_enabled=\u201doff\u201d button_one_bg_color__hover_enabled=\u201doff\u201d button_two_bg_color__hover_enabled=\u201doff\u201d][\/et_pb_button][\/et_pb_column][et_pb_column type=\u201d2_5\u2033 _builder_version=\u201d4.17.1\u2033 _module_preset=\u201ddefault\u201d background_enable_color=\u201doff\u201d use_background_color_gradient=\u201don\u201d background_color_gradient_stops=\u201d#055d97 0%|#00243a 100%\u201d custom_padding=\u201d80px|40px|80px|40px\u201d custom_padding_tablet=\u201d|10%||10%||true\u201d custom_padding_phone=\u201d|10%||10%||true\u201d custom_padding_last_edited=\u201don|desktop\u201d global_colors_info=\u201d{}\u201d padding_tablet=\u201d|10%||10%||true\u201d padding_last_edited=\u201don|desktop\u201d custom_padding__hover=\u201d|||\u201d padding_phone=\u201d|10%||10%||true\u201d][et_pb_text _builder_version=\u201d4.17.1\u2033 _module_preset=\u201ddefault\u201d header_font=\u201d||||||||\u201d header_text_color=\u201d#FFFFFF\u201d header_2_font=\u201dRubik|700|||||||\u201d header_2_text_color=\u201d#FFFFFF\u201d header_2_font_size=\u201d32px\u201d header_2_line_height=\u201d1.2em\u201d custom_margin=\u201d|||\u201d custom_padding=\u201d|||\u201d header_2_font_size_last_edited=\u201doff|desktop\u201d global_colors_info=\u201d{}\u201d]<\/p>\n<h2>Informaci\u00f3n de contacto<\/h2>\n<p>[\/et_pb_text][et_pb_blurb title=\u201dNuestras Oficinas\u201d use_icon=\u201don\u201d font_icon=\u201d\ue01d||divi||400\u2033 icon_color=\u201d#ffffff\u201d icon_placement=\u201dleft\u201d image_icon_width=\u201d30px\u201d content_max_width=\u201d1100px\u201d content_max_width_tablet=\u201d1100px\u201d content_max_width_last_edited=\u201doff|desktop\u201d _builder_version=\u201d4.17.1\u2033 _module_preset=\u201ddefault\u201d header_font=\u201dRubik|700|||||||\u201d header_text_color=\u201d#FFFFFF\u201d header_line_height=\u201d1.4em\u201d body_font=\u201d||||||||\u201d body_font_size=\u201d15px\u201d background_layout=\u201ddark\u201d custom_margin=\u201d|||\u201d custom_padding=\u201d|||\u201d animation_style=\u201dslide\u201d animation_direction=\u201dright\u201d animation_intensity_slide=\u201d10%\u201d animation=\u201doff\u201d icon_font_size=\u201d56px\u201d global_colors_info=\u201d{}\u201d]<\/p>\n<p><span>Caracas: Av. Principal de La Castellana. Edif. IASA. Piso 7. Oficina 701A. Urb. La Castellana-Chacao-Edo. Miranda. PO. 1060.<\/span><\/p>\n<p>[\/et_pb_blurb][et_pb_blurb title=\u201dHorarios de atenci\u00f3n\u201d use_icon=\u201don\u201d font_icon=\u201d}||divi||400\u2033 icon_color=\u201d#ffffff\u201d icon_placement=\u201dleft\u201d image_icon_width=\u201d30px\u201d content_max_width=\u201d1100px\u201d content_max_width_tablet=\u201d1100px\u201d content_max_width_last_edited=\u201doff|desktop\u201d _builder_version=\u201d4.17.1\u2033 _module_preset=\u201ddefault\u201d header_font=\u201dRubik|700|||||||\u201d header_text_color=\u201d#FFFFFF\u201d header_line_height=\u201d1.4em\u201d body_font=\u201d||||||||\u201d body_font_size=\u201d15px\u201d background_layout=\u201ddark\u201d custom_margin=\u201d|||\u201d custom_padding=\u201d|||\u201d animation_style=\u201dslide\u201d animation_direction=\u201dright\u201d animation_intensity_slide=\u201d10%\u201d animation=\u201doff\u201d icon_font_size=\u201d56px\u201d global_colors_info=\u201d{}\u201d]<\/p>\n<p>Lunes a Viernes 8am \u2013 5pm<\/p>\n<p>[\/et_pb_blurb][et_pb_blurb title=\u201dLl\u00e1manos\u201d use_icon=\u201don\u201d font_icon=\u201d\ue090||divi||400\u2033 icon_color=\u201d#ffffff\u201d icon_placement=\u201dleft\u201d image_icon_width=\u201d30px\u201d content_max_width=\u201d1100px\u201d content_max_width_tablet=\u201d1100px\u201d content_max_width_last_edited=\u201doff|desktop\u201d _builder_version=\u201d4.17.1\u2033 _module_preset=\u201ddefault\u201d header_font=\u201dRubik|700|||||||\u201d header_text_color=\u201d#FFFFFF\u201d header_line_height=\u201d1.4em\u201d body_font=\u201d||||||||\u201d body_font_size=\u201d15px\u201d background_layout=\u201ddark\u201d custom_margin=\u201d|||\u201d custom_padding=\u201d|||\u201d animation_style=\u201dslide\u201d animation_direction=\u201dright\u201d animation_intensity_slide=\u201d10%\u201d animation=\u201doff\u201d icon_font_size=\u201d56px\u201d global_colors_info=\u201d{}\u201d]<\/p>\n<p><span>+58 212 2661395<\/span><\/p>\n<p>[\/et_pb_blurb][et_pb_social_media_follow _builder_version=\u201d4.17.1\u2033 _module_preset=\u201ddefault\u201d text_orientation=\u201dleft\u201d custom_padding=\u201d|||\u201d locked=\u201doff\u201d global_colors_info=\u201d{}\u201d][et_pb_social_media_follow_network social_network=\u201dlinkedin\u201d url=\u201dhttps:\/\/www.linkedin.com\/in\/pmcp-services-419b6b27b\/\u201d _builder_version=\u201d4.17.1\u2033 _module_preset=\u201ddefault\u201d custom_padding=\u201d|10px||10px||true\u201d global_colors_info=\u201d{}\u201d follow_button=\u201doff\u201d url_new_window=\u201don\u201d]linkedin[\/et_pb_social_media_follow_network][\/et_pb_social_media_follow][\/et_pb_column][\/et_pb_row][\/et_pb_section][et_pb_section fb_built=\u201d1\u2033 admin_label=\u201dFAQ\u201d module_id=\u201dcontac\u201d _builder_version=\u201d4.17.1\u2033 _module_preset=\u201ddefault\u201d background_enable_color=\u201doff\u201d use_background_color_gradient=\u201don\u201d background_color_gradient_stops=\u201drgba(235,235,235,0.3) 0%|rgba(235,235,235,0.3) 100%\u201d background_color_gradient_overlays_image=\u201don\u201d background_image=\u201dhttp:\/\/www.pmcpservices.com\/wp-content\/uploads\/2023\/10\/Patron-PMCP-Services-1.webp\u201d background_size=\u201dinitial\u201d background_position=\u201dbottom_right\u201d global_colors_info=\u201d{}\u201d][et_pb_row _builder_version=\u201d4.17.1\u2033 _module_preset=\u201ddefault\u201d width=\u201d90%\u201d max_width=\u201d1200px\u201d global_colors_info=\u201d{}\u201d][et_pb_column type=\u201d4_4\u2033 _builder_version=\u201d4.16\u2033 _module_preset=\u201ddefault\u201d custom_padding=\u201d|||\u201d global_colors_info=\u201d{}\u201d custom_padding__hover=\u201d|||\u201d][et_pb_text _builder_version=\u201d4.17.1\u2033 _module_preset=\u201ddefault\u201d text_font=\u201d||||||||\u201d text_text_color=\u201d#000000\u2033 text_font_size=\u201d16px\u201d header_font=\u201d||||||||\u201d header_2_font=\u201dRubik|700|||||||\u201d header_2_text_color=\u201d#000000\u2033 header_2_font_size=\u201d42px\u201d header_2_line_height=\u201d1.2em\u201d custom_margin=\u201d|||\u201d custom_padding=\u201d|||\u201d header_2_font_size_tablet=\u201d\u201d header_2_font_size_phone=\u201d36px\u201d header_2_font_size_last_edited=\u201don|phone\u201d locked=\u201doff\u201d global_colors_info=\u201d{}\u201d]<\/p>\n<h2>Escr\u00edbenos<\/h2>\n<p><span><strong>\u00a1Esperamos con inter\u00e9s trabajar contigo!<\/strong> Env\u00edanos un mensaje o ll\u00e1manos ahora mismo.<\/span><\/p>\n<p>[\/et_pb_text][et_pb_divider divider_position=\u201dcenter\u201d divider_weight=\u201d3px\u201d _builder_version=\u201d4.17.1\u2033 _module_preset=\u201ddefault\u201d max_width=\u201d50px\u201d locked=\u201doff\u201d global_colors_info=\u201d{}\u201d][\/et_pb_divider][et_pb_contact_form captcha=\u201doff\u201d email=\u201dinfo@pmcpservices.com\u201d custom_message=\u201dCorreo PMCP Services||et_pb_line_break_holder||\u2014\u2014\u2014\u2014\u2014\u2014\u2014\u2014\u2014\u2014\u2014\u2014\u2014\u2014\u2014\u2014\u2014\u2014\u2014\u2014\u2014\u2014\u2014\u2014||et_pb_line_break_holder||Nombre y apellido: %%name%%||et_pb_line_break_holder||Nombre de la Empresa: %%empresa%%||et_pb_line_break_holder||Sector de la Empresa: %%Sector%%||et_pb_line_break_holder||Correo Electr\u00f3nico: %%email%%||et_pb_line_break_holder||Servicio Requerido: %%Servicio%%||et_pb_line_break_holder||Mensaje: %%message%%||et_pb_line_break_holder||\u2014\u2014\u2014\u2014\u2014\u2014\u2014\u2014\u2014\u2014\u2014\u2014\u2014\u2014\u2014\u2014\u2014\u2014\u2014\u2014\u2014\u2014\u2014\u2014\u201d success_message=\u201dGracias por Escribirnos. Te responderemos a la brevedad posible.\u201d submit_button_text=\u201dEnviar\u201d module_id=\u201det_pb_contact_form_0\u2033 _builder_version=\u201d4.17.1\u2033 _module_preset=\u201ddefault\u201d form_field_background_color=\u201d#ffffff\u201d form_field_text_color=\u201d#000000\u2033 form_field_focus_background_color=\u201d#FFFFFF\u201d form_field_focus_text_color=\u201d#000000\u2033 title_font=\u201dArimo|700|||||||\u201d title_font_size=\u201d42px\u201d form_field_font=\u201dArimo||||||||\u201d form_field_font_size=\u201d16px\u201d custom_button=\u201don\u201d button_text_size=\u201d14px\u201d button_text_color=\u201d#2a2a2a\u201d button_border_width=\u201d3px\u201d button_border_radius=\u201d0px\u201d button_letter_spacing=\u201d1px\u201d button_font=\u201dArimo|700||on|||||\u201d button_icon=\u201d$||divi||400\u2033 hover_enabled=\u201d0\u2033 title_font_size_tablet=\u201d\u201d title_font_size_phone=\u201d36px\u201d title_font_size_last_edited=\u201don|phone\u201d border_radii=\u201don|4px|4px|4px|4px\u201d border_width_all=\u201d1px\u201d border_color_all=\u201d#3294bf\u201d form_background_color=\u201d#ffffff\u201d global_colors_info=\u201d{}\u201d sticky_enabled=\u201d0\u2033][et_pb_contact_field field_id=\u201dName\u201d field_title=\u201dNombre Completo\u201d fullwidth_field=\u201don\u201d _builder_version=\u201d4.17.1\u2033 _module_preset=\u201ddefault\u201d hover_enabled=\u201d0\u2033 global_colors_info=\u201d{}\u201d button_text_size__hover_enabled=\u201doff\u201d button_one_text_size__hover_enabled=\u201doff\u201d button_two_text_size__hover_enabled=\u201doff\u201d button_text_color__hover_enabled=\u201doff\u201d button_one_text_color__hover_enabled=\u201doff\u201d button_two_text_color__hover_enabled=\u201doff\u201d button_border_width__hover_enabled=\u201doff\u201d button_one_border_width__hover_enabled=\u201doff\u201d button_two_border_width__hover_enabled=\u201doff\u201d button_border_color__hover_enabled=\u201doff\u201d button_one_border_color__hover_enabled=\u201doff\u201d button_two_border_color__hover_enabled=\u201doff\u201d button_border_radius__hover_enabled=\u201doff\u201d button_one_border_radius__hover_enabled=\u201doff\u201d button_two_border_radius__hover_enabled=\u201doff\u201d button_letter_spacing__hover_enabled=\u201doff\u201d button_one_letter_spacing__hover_enabled=\u201doff\u201d button_two_letter_spacing__hover_enabled=\u201doff\u201d button_bg_color__hover_enabled=\u201doff\u201d button_one_bg_color__hover_enabled=\u201doff\u201d button_two_bg_color__hover_enabled=\u201doff\u201d sticky_enabled=\u201d0\u2033][\/et_pb_contact_field][et_pb_contact_field field_id=\u201dempresa\u201d field_title=\u201dNombre de la Empresa\u201d fullwidth_field=\u201don\u201d _builder_version=\u201d4.17.1\u2033 _module_preset=\u201ddefault\u201d hover_enabled=\u201d0\u2033 global_colors_info=\u201d{}\u201d sticky_enabled=\u201d0\u2033][\/et_pb_contact_field][et_pb_contact_field field_id=\u201dSector\u201d field_title=\u201dSector de la Empresa\u201d fullwidth_field=\u201don\u201d _builder_version=\u201d4.17.1\u2033 _module_preset=\u201ddefault\u201d hover_enabled=\u201d0\u2033 global_colors_info=\u201d{}\u201d sticky_enabled=\u201d0\u2033][\/et_pb_contact_field][et_pb_contact_field field_id=\u201dServicio\u201d field_title=\u201d\u00bfQue Servicio Requiere tu empresa?\u201d field_type=\u201dcheckbox\u201d checkbox_options=\u201d%91{%22value%22:%22Servicios de Ingenier\u00eda Integral durante el Ciclo de Vida del Proyecto.%22,%22checked%22:0,%22dragID%22:-1},{%22value%22:%22Servicios de Consultor\u00eda y Gesti\u00f3n de Proyectos.%22,%22checked%22:0,%22dragID%22:0},{%22value%22:%22Capacitaci\u00f3n en Gesti\u00f3n de Proyectos a los equipos de nuestros Clientes%22,%22checked%22:0,%22dragID%22:1},{%22value%22:%22Implementaci\u00f3n de Oficina de Proyectos (PMO) en las organizaciones%22,%22checked%22:0,%22dragID%22:2}%93\u2033 fullwidth_field=\u201don\u201d _builder_version=\u201d4.17.1\u2033 _module_preset=\u201ddefault\u201d hover_enabled=\u201d0\u2033 global_colors_info=\u201d{}\u201d sticky_enabled=\u201d0\u2033][\/et_pb_contact_field][et_pb_contact_field field_id=\u201dEmail\u201d field_title=\u201dDirecci\u00f3n de Correo\u201d field_type=\u201demail\u201d fullwidth_field=\u201don\u201d _builder_version=\u201d4.17.1\u2033 _module_preset=\u201ddefault\u201d global_colors_info=\u201d{}\u201d button_text_size__hover_enabled=\u201doff\u201d button_one_text_size__hover_enabled=\u201doff\u201d button_two_text_size__hover_enabled=\u201doff\u201d button_text_color__hover_enabled=\u201doff\u201d button_one_text_color__hover_enabled=\u201doff\u201d button_two_text_color__hover_enabled=\u201doff\u201d button_border_width__hover_enabled=\u201doff\u201d button_one_border_width__hover_enabled=\u201doff\u201d button_two_border_width__hover_enabled=\u201doff\u201d button_border_color__hover_enabled=\u201doff\u201d button_one_border_color__hover_enabled=\u201doff\u201d button_two_border_color__hover_enabled=\u201doff\u201d button_border_radius__hover_enabled=\u201doff\u201d button_one_border_radius__hover_enabled=\u201doff\u201d button_two_border_radius__hover_enabled=\u201doff\u201d button_letter_spacing__hover_enabled=\u201doff\u201d button_one_letter_spacing__hover_enabled=\u201doff\u201d button_two_letter_spacing__hover_enabled=\u201doff\u201d button_bg_color__hover_enabled=\u201doff\u201d button_one_bg_color__hover_enabled=\u201doff\u201d button_two_bg_color__hover_enabled=\u201doff\u201d][\/et_pb_contact_field][et_pb_contact_field field_id=\u201dMessage\u201d field_title=\u201dMensaje\u201d field_type=\u201dtext\u201d fullwidth_field=\u201don\u201d _builder_version=\u201d4.17.1\u2033 _module_preset=\u201ddefault\u201d global_colors_info=\u201d{}\u201d button_text_size__hover_enabled=\u201doff\u201d button_one_text_size__hover_enabled=\u201doff\u201d button_two_text_size__hover_enabled=\u201doff\u201d button_text_color__hover_enabled=\u201doff\u201d button_one_text_color__hover_enabled=\u201doff\u201d button_two_text_color__hover_enabled=\u201doff\u201d button_border_width__hover_enabled=\u201doff\u201d button_one_border_width__hover_enabled=\u201doff\u201d button_two_border_width__hover_enabled=\u201doff\u201d button_border_color__hover_enabled=\u201doff\u201d button_one_border_color__hover_enabled=\u201doff\u201d button_two_border_color__hover_enabled=\u201doff\u201d button_border_radius__hover_enabled=\u201doff\u201d button_one_border_radius__hover_enabled=\u201doff\u201d button_two_border_radius__hover_enabled=\u201doff\u201d button_letter_spacing__hover_enabled=\u201doff\u201d button_one_letter_spacing__hover_enabled=\u201doff\u201d button_two_letter_spacing__hover_enabled=\u201doff\u201d button_bg_color__hover_enabled=\u201doff\u201d button_one_bg_color__hover_enabled=\u201doff\u201d button_two_bg_color__hover_enabled=\u201doff\u201d][\/et_pb_contact_field][\/et_pb_contact_form][\/et_pb_column][\/et_pb_row][\/et_pb_section][et_pb_section fb_built=\u201d1\u2033 fullwidth=\u201don\u201d admin_label=\u201dMap Section\u201d _builder_version=\u201d4.17.1\u2033 _module_preset=\u201ddefault\u201d global_colors_info=\u201d{}\u201d][et_pb_fullwidth_code _builder_version=\u201d4.17.1\u2033 _module_preset=\u201ddefault\u201d width=\u201d100%\u201d max_width=\u201d100%\u201d global_colors_info=\u201d{}\u201d]<iframe src=\"https:\/\/www.google.com\/maps\/embed?pb=!1m18!1m12!1m3!1d4665.291575925261!2d-66.85440189438344!3d10.498540604088628!2m3!1f0!2f0!3f0!3m2!1i1024!2i768!4f13.1!3m3!1m2!1s0x8c2a59a961675e49%3A0x7ad8ddbf1ba7b615!2sEdificio%20IASA%2C%20Caracas%201060%2C%20Miranda!5e0!3m2!1ses!2sve!4v1698857340782!5m2!1ses!2sve\" width=\"100%\" height=\"450\" style=\"border:0;\" allowfullscreen=\"\" loading=\"lazy\" referrerpolicy=\"no-referrer-when-downgrade\"><\/iframe>[\/et_pb_fullwidth_code][\/et_pb_section]<\/p>\n<\/body>","protected":false},"excerpt":{"rendered":"<p>Contactos\u00bfListo para seguir dando vida a tus proyecto? PMCP Services esta aqu\u00ed para convertir tus ideas en realidad.Informaci\u00f3n de contactoCaracas: Av. Principal de La Castellana. Edif. IASA. Piso 7. Oficina 701A. Urb. La Castellana-Chacao-Edo. Miranda. PO. 1060.Lunes a Viernes 8am &#8211; 5pm+58 212 2661395linkedinEscr\u00edbenos \u00a1Esperamos con inter\u00e9s trabajar contigo! Env\u00edanos un mensaje o ll\u00e1manos ahora [&hellip;]<\/p>\n","protected":false},"author":1,"featured_media":0,"parent":0,"menu_order":0,"comment_status":"closed","ping_status":"closed","template":"","meta":{"_et_pb_use_builder":"on","_et_pb_old_content":"<!-- wp:divi\/placeholder \/-->","_et_gb_content_width":"","om_disable_all_campaigns":false,"footnotes":""},"class_list":["post-22","page","type-page","status-publish","hentry"],"jetpack_sharing_enabled":true,"_links":{"self":[{"href":"https:\/\/www.pmcpservices.com\/en\/wp-json\/wp\/v2\/pages\/22","targetHints":{"allow":["GET"]}}],"collection":[{"href":"https:\/\/www.pmcpservices.com\/en\/wp-json\/wp\/v2\/pages"}],"about":[{"href":"https:\/\/www.pmcpservices.com\/en\/wp-json\/wp\/v2\/types\/page"}],"author":[{"embeddable":true,"href":"https:\/\/www.pmcpservices.com\/en\/wp-json\/wp\/v2\/users\/1"}],"replies":[{"embeddable":true,"href":"https:\/\/www.pmcpservices.com\/en\/wp-json\/wp\/v2\/comments?post=22"}],"version-history":[{"count":39,"href":"https:\/\/www.pmcpservices.com\/en\/wp-json\/wp\/v2\/pages\/22\/revisions"}],"predecessor-version":[{"id":796,"href":"https:\/\/www.pmcpservices.com\/en\/wp-json\/wp\/v2\/pages\/22\/revisions\/796"}],"wp:attachment":[{"href":"https:\/\/www.pmcpservices.com\/en\/wp-json\/wp\/v2\/media?parent=22"}],"curies":[{"name":"wp","href":"https:\/\/api.w.org\/{rel}","templated":true}]}}