{"id":24,"date":"2023-10-18T17:46:38","date_gmt":"2023-10-18T17:46:38","guid":{"rendered":"http:\/\/www.pmcpservices.com\/?page_id=24"},"modified":"2024-03-07T16:00:02","modified_gmt":"2024-03-07T16:00:02","slug":"empleo","status":"publish","type":"page","link":"https:\/\/www.pmcpservices.com\/en\/empleo\/","title":{"rendered":"Employment"},"content":{"rendered":"<body><p>[et_pb_section fb_built=\u201d1\u2033 custom_padding_last_edited=\u201don|phone\u201d admin_label=\u201dHero\u201d _builder_version=\u201d4.17.1\u2033 _module_preset=\u201ddefault\u201d use_background_color_gradient=\u201don\u201d background_color_gradient_type=\u201dcircular\u201d background_color_gradient_direction_radial=\u201dtop left\u201d background_color_gradient_stops=\u201drgba(0,0,0,0.7) 0%|rgba(0,36,58,0.8) 100%\u201d background_color_gradient_overlays_image=\u201don\u201d background_color_gradient_start=\u201drgba(40,40,40,0.79)\u201d background_color_gradient_end=\u201drgba(40,40,40,0.86)\u201d background_image=\u201dhttp:\/\/www.pmcpservices.com\/wp-content\/uploads\/2023\/10\/Empleo-PMCP-Services1.webp\u201d custom_margin=\u201d||||false\u201d custom_padding=\u201d10vw||10vw||false|false\u201d custom_padding_tablet=\u201d15vw||||false|false\u201d custom_padding_phone=\u201d25vw||||false|false\u201d global_colors_info=\u201d{}\u201d][et_pb_row column_structure=\u201d2_3,1_3\u2033 _builder_version=\u201d4.16\u2033 _module_preset=\u201ddefault\u201d global_colors_info=\u201d{}\u201d][et_pb_column type=\u201d2_3\u2033 _builder_version=\u201d4.16\u2033 _module_preset=\u201ddefault\u201d custom_padding=\u201d|||\u201d global_colors_info=\u201d{}\u201d custom_padding__hover=\u201d|||\u201d][et_pb_text _builder_version=\u201d4.17.1\u2033 _module_preset=\u201ddefault\u201d text_font=\u201d||||||||\u201d header_font=\u201dRubik|700|||||||\u201d header_font_size=\u201d64px\u201d header_line_height=\u201d1.1em\u201d background_layout=\u201ddark\u201d max_width=\u201d800px\u201d custom_margin=\u201d||0px|\u201d custom_padding=\u201d|||16px\u201d text_font_size_tablet=\u201d14px\u201d text_font_size_last_edited=\u201doff|desktop\u201d header_font_size_tablet=\u201d44px\u201d header_font_size_phone=\u201d32px\u201d header_font_size_last_edited=\u201don|phone\u201d border_color_all=\u201d#ffb400\u2033 border_width_left=\u201d3px\u201d border_color_left=\u201d#3294bf\u201d global_colors_info=\u201d{}\u201d]<\/p>\n<h1><strong>\u00danete a Nuestro Equipo<\/strong><\/h1>\n<p>[\/et_pb_text][et_pb_text _builder_version=\u201d4.17.1\u2033 _module_preset=\u201ddefault\u201d text_font=\u201d||||||||\u201d text_font_size=\u201d18px\u201d text_line_height=\u201d1.6em\u201d header_font=\u201d||||||||\u201d background_layout=\u201ddark\u201d max_width=\u201d800px\u201d custom_margin=\u201d|||\u201d custom_padding=\u201d20px||20px||true\u201d text_font_size_tablet=\u201d18px\u201d text_font_size_phone=\u201d\u201d text_font_size_last_edited=\u201don|phone\u201d global_colors_info=\u201d{}\u201d]<\/p>\n<p><span>En <strong>PMCP Services<\/strong>, creemos que nuestro \u00e9xito radica en las personas que conforman nuestro equipo. Valoramos la diversidad, la innovaci\u00f3n y el compromiso con la excelencia. Si est\u00e1s buscando una carrera emocionante, \u00a1has llegado al lugar adecuado!<\/span><\/p>\n<p>[\/et_pb_text][et_pb_button button_url=\u201dhttps:\/\/www.pmcpservices.com\/nosotros\/\u201d button_text=\u201dConoce m\u00e1s sobre nosotros\u201d _builder_version=\u201d4.17.1\u2033 _module_preset=\u201ddefault\u201d custom_button=\u201don\u201d button_text_size=\u201d14px\u201d button_bg_color=\u201d#3294bf\u201d button_border_width=\u201d12px\u201d button_border_color=\u201d#3294bf\u201d button_border_radius=\u201d0px\u201d button_letter_spacing=\u201d1px\u201d button_font=\u201dRubik|700||on|||||\u201d button_icon=\u201d$||divi||400\u2033 background_layout=\u201ddark\u201d custom_margin=\u201d|||\u201d locked=\u201doff\u201d global_colors_info=\u201d{}\u201d button_text_size__hover_enabled=\u201doff\u201d button_one_text_size__hover_enabled=\u201doff\u201d button_two_text_size__hover_enabled=\u201doff\u201d button_text_color__hover_enabled=\u201doff\u201d button_one_text_color__hover_enabled=\u201doff\u201d button_two_text_color__hover_enabled=\u201doff\u201d button_border_width__hover_enabled=\u201doff\u201d button_one_border_width__hover_enabled=\u201doff\u201d button_two_border_width__hover_enabled=\u201doff\u201d button_border_color__hover_enabled=\u201don|hover\u201d button_one_border_color__hover_enabled=\u201doff\u201d button_two_border_color__hover_enabled=\u201doff\u201d button_border_radius__hover_enabled=\u201doff\u201d button_one_border_radius__hover_enabled=\u201doff\u201d button_two_border_radius__hover_enabled=\u201doff\u201d button_letter_spacing__hover_enabled=\u201doff\u201d button_one_letter_spacing__hover_enabled=\u201doff\u201d button_two_letter_spacing__hover_enabled=\u201doff\u201d button_bg_color__hover_enabled=\u201doff\u201d button_one_bg_color__hover_enabled=\u201doff\u201d button_two_bg_color__hover_enabled=\u201doff\u201d button_border_color__hover=\u201d#3294bf\u201d][\/et_pb_button][\/et_pb_column][et_pb_column type=\u201d1_3\u2033 _builder_version=\u201d4.16\u2033 _module_preset=\u201ddefault\u201d custom_padding=\u201d|||\u201d global_colors_info=\u201d{}\u201d custom_padding__hover=\u201d|||\u201d][\/et_pb_column][\/et_pb_row][\/et_pb_section][et_pb_section fb_built=\u201d1\u2033 custom_padding_last_edited=\u201don|phone\u201d admin_label=\u201dProject Details\u201d _builder_version=\u201d4.17.1\u2033 _module_preset=\u201ddefault\u201d custom_padding=\u201d90px||90px||true\u201d custom_padding_tablet=\u201d50px||50px||true|false\u201d custom_padding_phone=\u201d30px||30px||false|false\u201d global_colors_info=\u201d{}\u201d][et_pb_row column_structure=\u201d1_2,1_2\u2033 _builder_version=\u201d4.16\u2033 _module_preset=\u201ddefault\u201d global_colors_info=\u201d{}\u201d][et_pb_column type=\u201d1_2\u2033 _builder_version=\u201d4.16\u2033 _module_preset=\u201ddefault\u201d custom_padding=\u201d|||\u201d global_colors_info=\u201d{}\u201d custom_padding__hover=\u201d|||\u201d][et_pb_text _builder_version=\u201d4.17.1\u2033 _module_preset=\u201ddefault\u201d text_font=\u201d||||||||\u201d link_font=\u201d||||||||\u201d ul_font=\u201d||||||||\u201d ol_font=\u201d||||||||\u201d quote_font=\u201d||||||||\u201d header_font=\u201d||||||||\u201d header_text_color=\u201d#000000\u2033 header_2_font=\u201dRubik|700|||||||\u201d header_2_text_color=\u201d#000000\u2033 header_2_font_size=\u201d42px\u201d header_2_line_height=\u201d1.2em\u201d module_alignment=\u201dcenter\u201d custom_margin=\u201d|||\u201d custom_padding=\u201d|||\u201d header_2_font_size_tablet=\u201d\u201d header_2_font_size_phone=\u201d36px\u201d header_2_font_size_last_edited=\u201don|phone\u201d locked=\u201doff\u201d global_colors_info=\u201d{}\u201d]<\/p>\n<h2><span>Tu Talento, Nuestro Motor \u00a1Post\u00falate Ahora!<\/span><\/h2>\n<p>[\/et_pb_text][et_pb_divider divider_position=\u201dcenter\u201d divider_weight=\u201d3px\u201d _builder_version=\u201d4.17.1\u2033 _module_preset=\u201ddefault\u201d max_width=\u201d50px\u201d locked=\u201doff\u201d global_colors_info=\u201d{}\u201d][\/et_pb_divider][et_pb_text _builder_version=\u201d4.17.1\u2033 _module_preset=\u201ddefault\u201d text_font=\u201d||||||||\u201d text_text_color=\u201d#000000\u2033 text_font_size=\u201d16px\u201d text_line_height=\u201d1.8em\u201d custom_padding=\u201d|||\u201d custom_padding_tablet=\u201d|40px||40px||true\u201d custom_padding_last_edited=\u201doff|desktop\u201d locked=\u201doff\u201d global_colors_info=\u201d{}\u201d]<\/p>\n<p><span>Esperamos conocer a personas apasionadas y talentosas que compartan nuestra visi\u00f3n de excelencia en la gesti\u00f3n de proyectos. <strong>\u00a1Esperamos tu postulaci\u00f3n y la oportunidad de trabajar juntos para alcanzar nuevos logros!<\/strong><\/span><\/p>\n<p>[\/et_pb_text][\/et_pb_column][et_pb_column type=\u201d1_2\u2033 _builder_version=\u201d4.16\u2033 _module_preset=\u201ddefault\u201d custom_padding=\u201d|||\u201d global_colors_info=\u201d{}\u201d custom_padding__hover=\u201d|||\u201d][et_pb_image src=\u201dhttp:\/\/www.pmcpservices.com\/wp-content\/uploads\/2023\/10\/Empleo-PMCP-Services2.webp\u201d title_text=\u201dEmpleo-PMCP Services2\u2033 force_fullwidth=\u201don\u201d align_tablet=\u201dcenter\u201d align_phone=\u201dcenter\u201d align_last_edited=\u201don|desktop\u201d _builder_version=\u201d4.17.1\u2033 _module_preset=\u201ddefault\u201d locked=\u201doff\u201d global_colors_info=\u201d{}\u201d][\/et_pb_image][\/et_pb_column][\/et_pb_row][et_pb_row _builder_version=\u201d4.16\u2033 _module_preset=\u201ddefault\u201d global_colors_info=\u201d{}\u201d][et_pb_column type=\u201d4_4\u2033 _builder_version=\u201d4.16\u2033 _module_preset=\u201ddefault\u201d custom_padding=\u201d|||\u201d global_colors_info=\u201d{}\u201d custom_padding__hover=\u201d|||\u201d][et_pb_image src=\u201dhttp:\/\/www.pmcpservices.com\/wp-content\/uploads\/2023\/10\/Empleo-PMCP-Services3.webp\u201d title_text=\u201dEmpleo-PMCP Services3\u2033 force_fullwidth=\u201don\u201d align_tablet=\u201dcenter\u201d align_phone=\u201dcenter\u201d align_last_edited=\u201don|desktop\u201d _builder_version=\u201d4.17.1\u2033 _module_preset=\u201ddefault\u201d global_colors_info=\u201d{}\u201d][\/et_pb_image][\/et_pb_column][\/et_pb_row][\/et_pb_section][et_pb_section fb_built=\u201d1\u2033 _builder_version=\u201d4.17.1\u2033 _module_preset=\u201ddefault\u201d use_background_color_gradient=\u201don\u201d background_color_gradient_stops=\u201drgba(235,235,235,0.1) 0%|#ffffff 100%\u201d background_color_gradient_overlays_image=\u201don\u201d background_image=\u201dhttp:\/\/www.pmcpservices.com\/wp-content\/uploads\/2023\/10\/Patron-PMCP-Services-1.webp\u201d background_size=\u201dcontain\u201d background_position=\u201dtop_right\u201d custom_margin=\u201d||0px||false|false\u201d custom_padding=\u201d||0px||false|false\u201d locked=\u201doff\u201d global_colors_info=\u201d{}\u201d][et_pb_row custom_padding_last_edited=\u201don|phone\u201d _builder_version=\u201d4.17.1\u2033 _module_preset=\u201ddefault\u201d use_background_color_gradient=\u201don\u201d background_color_gradient_direction=\u201d185deg\u201d background_color_gradient_stops=\u201d#055d97 1%|#00243a 100%\u201d width=\u201d90%\u201d max_width=\u201d1200px\u201d custom_margin=\u201d-100px||||false|false\u201d custom_margin_tablet=\u201d-50px||||false|false\u201d custom_margin_phone=\u201d-50px||||false|false\u201d custom_margin_last_edited=\u201don|tablet\u201d custom_padding=\u201d100px|100px|100px|100px|true|true\u201d custom_padding_tablet=\u201d80px|80px|80px|80px|true|true\u201d custom_padding_phone=\u201d30px|20px|30px|20px|true|true\u201d global_colors_info=\u201d{}\u201d][et_pb_column type=\u201d4_4\u2033 _builder_version=\u201d4.17.1\u2033 _module_preset=\u201ddefault\u201d global_colors_info=\u201d{}\u201d][et_pb_text _builder_version=\u201d4.17.1\u2033 _module_preset=\u201ddefault\u201d text_font=\u201d||||||||\u201d text_text_color=\u201d#FFFFFF\u201d text_font_size=\u201d16px\u201d header_font=\u201d||||||||\u201d header_2_font=\u201dRubik|700|||||||\u201d header_2_text_color=\u201d#FFFFFF\u201d header_2_font_size=\u201d42px\u201d header_2_line_height=\u201d1.2em\u201d custom_margin=\u201d|||\u201d custom_padding=\u201d|||\u201d header_2_font_size_tablet=\u201d\u201d header_2_font_size_phone=\u201d36px\u201d header_2_font_size_last_edited=\u201don|phone\u201d locked=\u201doff\u201d global_colors_info=\u201d{}\u201d]<\/p>\n<h2>Post\u00falate<\/h2>\n<p>Escr\u00edbenos y te responderemos a la brevedad posible, estaremos encantados de tenerte en nuestro equipo.<\/p>\n<p>[\/et_pb_text][et_pb_divider color=\u201d#FFFFFF\u201d divider_position=\u201dcenter\u201d divider_weight=\u201d3px\u201d _builder_version=\u201d4.17.1\u2033 _module_preset=\u201ddefault\u201d max_width=\u201d50px\u201d locked=\u201doff\u201d global_colors_info=\u201d{}\u201d][\/et_pb_divider][et_pb_contact_form captcha=\u201doff\u201d email=\u201drecursos.humanos@pmcpservices.com\u201d custom_message=\u201dCorreo PMCP Services Postulante||et_pb_line_break_holder||\u2014\u2014\u2014\u2014\u2014\u2014\u2014\u2014\u2014\u2014\u2014\u2014\u2014\u2014\u2014\u2014\u2014\u2014\u2014\u2014\u2014\u2014\u2014\u2014||et_pb_line_break_holder||Nombre y apellido: %%name%%||et_pb_line_break_holder||Correo Electr\u00f3nico: %%Email%%||et_pb_line_break_holder||Tel\u00e9fono: %%telefono%%||et_pb_line_break_holder||Ubicaci\u00f3n: %%ubicacion%%||et_pb_line_break_holder||Carrera y Habilidad: %%estudio%%||et_pb_line_break_holder||Aspirante a: %%trabajo%%||et_pb_line_break_holder||Mensaje: %%message%%||et_pb_line_break_holder||\u2014\u2014\u2014\u2014\u2014\u2014\u2014\u2014\u2014\u2014\u2014\u2014\u2014\u2014\u2014\u2014\u2014\u2014\u2014\u2014\u2014\u2014\u2014\u2014\u201d success_message=\u201dGracias por postularte en PMCP Services. Te responderemos a la brevedad posible para programar una reuni\u00f3n.\u201d submit_button_text=\u201dPostularme\u201d module_id=\u201det_pb_contact_form_0\u2033 _builder_version=\u201d4.17.1\u2033 _module_preset=\u201ddefault\u201d form_field_background_color=\u201d#ffffff\u201d form_field_text_color=\u201d#000000\u2033 form_field_focus_background_color=\u201d#FFFFFF\u201d form_field_focus_text_color=\u201d#000000\u2033 title_font=\u201d||||||||\u201d form_field_font=\u201d||||||||\u201d form_field_font_size=\u201d14px\u201d form_field_line_height=\u201d1.8em\u201d custom_button=\u201don\u201d button_text_size=\u201d14px\u201d button_text_color=\u201d#ffffff\u201d button_border_width=\u201d3px\u201d button_border_radius=\u201d0px\u201d button_letter_spacing=\u201d1px\u201d button_font=\u201dRubik|700||on|||||\u201d button_icon=\u201d$||divi||400\u2033 custom_margin=\u201d30px||30px||true\u201d custom_margin_last_edited=\u201doff|desktop\u201d custom_css_main_element=\u201d.et-pb-contact-message{color:#fff;||font-size: 16px;}\u201d custom_css_text_field=\u201d.et-pb-contact-message { color: #fff;font-size: 16px;}||   ||\u201d form_background_color=\u201d#ffffff\u201d locked=\u201doff\u201d global_colors_info=\u201d{}\u201d][et_pb_contact_field field_id=\u201dName\u201d field_title=\u201dNombre Completo*\u201d _builder_version=\u201d4.17.1\u2033 _module_preset=\u201ddefault\u201d global_colors_info=\u201d{}\u201d button_text_size__hover_enabled=\u201doff\u201d button_one_text_size__hover_enabled=\u201doff\u201d button_two_text_size__hover_enabled=\u201doff\u201d button_text_color__hover_enabled=\u201doff\u201d button_one_text_color__hover_enabled=\u201doff\u201d button_two_text_color__hover_enabled=\u201doff\u201d button_border_width__hover_enabled=\u201doff\u201d button_one_border_width__hover_enabled=\u201doff\u201d button_two_border_width__hover_enabled=\u201doff\u201d button_border_color__hover_enabled=\u201doff\u201d button_one_border_color__hover_enabled=\u201doff\u201d button_two_border_color__hover_enabled=\u201doff\u201d button_border_radius__hover_enabled=\u201doff\u201d button_one_border_radius__hover_enabled=\u201doff\u201d button_two_border_radius__hover_enabled=\u201doff\u201d button_letter_spacing__hover_enabled=\u201doff\u201d button_one_letter_spacing__hover_enabled=\u201doff\u201d button_two_letter_spacing__hover_enabled=\u201doff\u201d button_bg_color__hover_enabled=\u201doff\u201d button_one_bg_color__hover_enabled=\u201doff\u201d button_two_bg_color__hover_enabled=\u201doff\u201d][\/et_pb_contact_field][et_pb_contact_field field_id=\u201dEmail\u201d field_title=\u201dDirecci\u00f3n de Correo*\u201d _builder_version=\u201d4.17.1\u2033 _module_preset=\u201ddefault\u201d global_colors_info=\u201d{}\u201d button_text_size__hover_enabled=\u201doff\u201d button_one_text_size__hover_enabled=\u201doff\u201d button_two_text_size__hover_enabled=\u201doff\u201d button_text_color__hover_enabled=\u201doff\u201d button_one_text_color__hover_enabled=\u201doff\u201d button_two_text_color__hover_enabled=\u201doff\u201d button_border_width__hover_enabled=\u201doff\u201d button_one_border_width__hover_enabled=\u201doff\u201d button_two_border_width__hover_enabled=\u201doff\u201d button_border_color__hover_enabled=\u201doff\u201d button_one_border_color__hover_enabled=\u201doff\u201d button_two_border_color__hover_enabled=\u201doff\u201d button_border_radius__hover_enabled=\u201doff\u201d button_one_border_radius__hover_enabled=\u201doff\u201d button_two_border_radius__hover_enabled=\u201doff\u201d button_letter_spacing__hover_enabled=\u201doff\u201d button_one_letter_spacing__hover_enabled=\u201doff\u201d button_two_letter_spacing__hover_enabled=\u201doff\u201d button_bg_color__hover_enabled=\u201doff\u201d button_one_bg_color__hover_enabled=\u201doff\u201d button_two_bg_color__hover_enabled=\u201doff\u201d][\/et_pb_contact_field][et_pb_contact_field field_id=\u201dtelefono\u201d field_title=\u201dTelefono*\u201d _builder_version=\u201d4.17.1\u2033 _module_preset=\u201ddefault\u201d global_colors_info=\u201d{}\u201d button_text_size__hover_enabled=\u201doff\u201d button_one_text_size__hover_enabled=\u201doff\u201d button_two_text_size__hover_enabled=\u201doff\u201d button_text_color__hover_enabled=\u201doff\u201d button_one_text_color__hover_enabled=\u201doff\u201d button_two_text_color__hover_enabled=\u201doff\u201d button_border_width__hover_enabled=\u201doff\u201d button_one_border_width__hover_enabled=\u201doff\u201d button_two_border_width__hover_enabled=\u201doff\u201d button_border_color__hover_enabled=\u201doff\u201d button_one_border_color__hover_enabled=\u201doff\u201d button_two_border_color__hover_enabled=\u201doff\u201d button_border_radius__hover_enabled=\u201doff\u201d button_one_border_radius__hover_enabled=\u201doff\u201d button_two_border_radius__hover_enabled=\u201doff\u201d button_letter_spacing__hover_enabled=\u201doff\u201d button_one_letter_spacing__hover_enabled=\u201doff\u201d button_two_letter_spacing__hover_enabled=\u201doff\u201d button_bg_color__hover_enabled=\u201doff\u201d button_one_bg_color__hover_enabled=\u201doff\u201d button_two_bg_color__hover_enabled=\u201doff\u201d][\/et_pb_contact_field][et_pb_contact_field field_id=\u201dubicacion\u201d field_title=\u201dUbicaci\u00f3n (Pais y ciudad)*\u201d _builder_version=\u201d4.17.1\u2033 _module_preset=\u201ddefault\u201d global_colors_info=\u201d{}\u201d button_text_size__hover_enabled=\u201doff\u201d button_one_text_size__hover_enabled=\u201doff\u201d button_two_text_size__hover_enabled=\u201doff\u201d button_text_color__hover_enabled=\u201doff\u201d button_one_text_color__hover_enabled=\u201doff\u201d button_two_text_color__hover_enabled=\u201doff\u201d button_border_width__hover_enabled=\u201doff\u201d button_one_border_width__hover_enabled=\u201doff\u201d button_two_border_width__hover_enabled=\u201doff\u201d button_border_color__hover_enabled=\u201doff\u201d button_one_border_color__hover_enabled=\u201doff\u201d button_two_border_color__hover_enabled=\u201doff\u201d button_border_radius__hover_enabled=\u201doff\u201d button_one_border_radius__hover_enabled=\u201doff\u201d button_two_border_radius__hover_enabled=\u201doff\u201d button_letter_spacing__hover_enabled=\u201doff\u201d button_one_letter_spacing__hover_enabled=\u201doff\u201d button_two_letter_spacing__hover_enabled=\u201doff\u201d button_bg_color__hover_enabled=\u201doff\u201d button_one_bg_color__hover_enabled=\u201doff\u201d button_two_bg_color__hover_enabled=\u201doff\u201d][\/et_pb_contact_field][et_pb_contact_field field_id=\u201destudio\u201d field_title=\u201dCarrera y Habilidad (Cu\u00e9ntanos un poco sobre tus conocimientos)*\u201d field_type=\u201dtext\u201d fullwidth_field=\u201don\u201d _builder_version=\u201d4.17.1\u2033 _module_preset=\u201ddefault\u201d global_colors_info=\u201d{}\u201d][\/et_pb_contact_field][et_pb_contact_field field_id=\u201dtrabajo\u201d field_title=\u201dAspiraciones en PMCP Services*\u201d field_type=\u201dselect\u201d select_options=\u201d%91{%22value%22:%22Trabajo%22,%22checked%22:0,%22dragID%22:-1},{%22value%22:%22Pasantias%22,%22checked%22:0,%22dragID%22:0}%93\u2033 fullwidth_field=\u201don\u201d _builder_version=\u201d4.17.1\u2033 _module_preset=\u201ddefault\u201d global_colors_info=\u201d{}\u201d][\/et_pb_contact_field][et_pb_contact_field field_id=\u201dMessage\u201d field_title=\u201dMensaje\u201d field_type=\u201dtext\u201d fullwidth_field=\u201don\u201d _builder_version=\u201d4.17.1\u2033 _module_preset=\u201ddefault\u201d global_colors_info=\u201d{}\u201d button_text_size__hover_enabled=\u201doff\u201d button_one_text_size__hover_enabled=\u201doff\u201d button_two_text_size__hover_enabled=\u201doff\u201d button_text_color__hover_enabled=\u201doff\u201d button_one_text_color__hover_enabled=\u201doff\u201d button_two_text_color__hover_enabled=\u201doff\u201d button_border_width__hover_enabled=\u201doff\u201d button_one_border_width__hover_enabled=\u201doff\u201d button_two_border_width__hover_enabled=\u201doff\u201d button_border_color__hover_enabled=\u201doff\u201d button_one_border_color__hover_enabled=\u201doff\u201d button_two_border_color__hover_enabled=\u201doff\u201d button_border_radius__hover_enabled=\u201doff\u201d button_one_border_radius__hover_enabled=\u201doff\u201d button_two_border_radius__hover_enabled=\u201doff\u201d button_letter_spacing__hover_enabled=\u201doff\u201d button_one_letter_spacing__hover_enabled=\u201doff\u201d button_two_letter_spacing__hover_enabled=\u201doff\u201d button_bg_color__hover_enabled=\u201doff\u201d button_one_bg_color__hover_enabled=\u201doff\u201d button_two_bg_color__hover_enabled=\u201doff\u201d][\/et_pb_contact_field][\/et_pb_contact_form][\/et_pb_column][\/et_pb_row][\/et_pb_section]<\/p>\n<\/body>","protected":false},"excerpt":{"rendered":"<p>\u00danete a Nuestro EquipoEn PMCP Services, creemos que nuestro \u00e9xito radica en las personas que conforman nuestro equipo. Valoramos la diversidad, la innovaci\u00f3n y el compromiso con la excelencia. Si est\u00e1s buscando una carrera emocionante, \u00a1has llegado al lugar adecuado!Tu Talento, Nuestro Motor \u00a1Post\u00falate Ahora!Esperamos conocer a personas apasionadas y talentosas que compartan nuestra visi\u00f3n [&hellip;]<\/p>\n","protected":false},"author":1,"featured_media":0,"parent":0,"menu_order":0,"comment_status":"closed","ping_status":"closed","template":"","meta":{"_et_pb_use_builder":"on","_et_pb_old_content":"<!-- wp:divi\/placeholder \/-->","_et_gb_content_width":"","om_disable_all_campaigns":false,"footnotes":""},"class_list":["post-24","page","type-page","status-publish","hentry"],"jetpack_sharing_enabled":true,"_links":{"self":[{"href":"https:\/\/www.pmcpservices.com\/en\/wp-json\/wp\/v2\/pages\/24","targetHints":{"allow":["GET"]}}],"collection":[{"href":"https:\/\/www.pmcpservices.com\/en\/wp-json\/wp\/v2\/pages"}],"about":[{"href":"https:\/\/www.pmcpservices.com\/en\/wp-json\/wp\/v2\/types\/page"}],"author":[{"embeddable":true,"href":"https:\/\/www.pmcpservices.com\/en\/wp-json\/wp\/v2\/users\/1"}],"replies":[{"embeddable":true,"href":"https:\/\/www.pmcpservices.com\/en\/wp-json\/wp\/v2\/comments?post=24"}],"version-history":[{"count":42,"href":"https:\/\/www.pmcpservices.com\/en\/wp-json\/wp\/v2\/pages\/24\/revisions"}],"predecessor-version":[{"id":813,"href":"https:\/\/www.pmcpservices.com\/en\/wp-json\/wp\/v2\/pages\/24\/revisions\/813"}],"wp:attachment":[{"href":"https:\/\/www.pmcpservices.com\/en\/wp-json\/wp\/v2\/media?parent=24"}],"curies":[{"name":"wp","href":"https:\/\/api.w.org\/{rel}","templated":true}]}}