{"id":416,"date":"2023-10-24T21:37:45","date_gmt":"2023-10-24T21:37:45","guid":{"rendered":"https:\/\/www.pmcpservices.com\/?page_id=416"},"modified":"2024-01-20T02:10:08","modified_gmt":"2024-01-20T02:10:08","slug":"implementacion-de-oficina-de-proyectos-pmo-en-las-organizaciones","status":"publish","type":"page","link":"https:\/\/www.pmcpservices.com\/en\/implementacion-de-oficina-de-proyectos-pmo-en-las-organizaciones\/","title":{"rendered":"Implementation of Project Office (PMO) in organizations"},"content":{"rendered":"<body><p>[et_pb_section fb_built=\u201d1\u2033 custom_padding_last_edited=\u201don|phone\u201d admin_label=\u201dHero\u201d _builder_version=\u201d4.17.1\u2033 _module_preset=\u201ddefault\u201d use_background_color_gradient=\u201don\u201d background_color_gradient_type=\u201dcircular\u201d background_color_gradient_direction_radial=\u201dtop left\u201d background_color_gradient_stops=\u201drgba(0,0,0,0.7) 0%|rgba(0,36,58,0.8) 100%\u201d background_color_gradient_overlays_image=\u201don\u201d background_color_gradient_start=\u201drgba(40,40,40,0.79)\u201d background_color_gradient_end=\u201drgba(40,40,40,0.86)\u201d background_image=\u201dhttp:\/\/www.pmcpservices.com\/wp-content\/uploads\/2023\/10\/Oficina-de-Proyectos-PMCP-Services1.webp\u201d custom_margin=\u201d||||false\u201d custom_padding=\u201d10vw||10vw||true|false\u201d custom_padding_tablet=\u201d15vw||||false|false\u201d custom_padding_phone=\u201d25vw||||false|false\u201d locked=\u201doff\u201d global_colors_info=\u201d{}\u201d][et_pb_row _builder_version=\u201d4.17.1\u2033 _module_preset=\u201ddefault\u201d global_colors_info=\u201d{}\u201d][et_pb_column type=\u201d4_4\u2033 _builder_version=\u201d4.16\u2033 _module_preset=\u201ddefault\u201d custom_padding=\u201d|||\u201d global_colors_info=\u201d{}\u201d custom_padding__hover=\u201d|||\u201d][et_pb_text _builder_version=\u201d4.17.1\u2033 _module_preset=\u201ddefault\u201d text_font=\u201d||||||||\u201d header_font=\u201dRubik|700|||||||\u201d header_font_size=\u201d64px\u201d header_line_height=\u201d1.1em\u201d background_layout=\u201ddark\u201d max_width=\u201d800px\u201d custom_margin=\u201d||0px|\u201d custom_padding=\u201d|||16px\u201d text_font_size_tablet=\u201d14px\u201d text_font_size_last_edited=\u201doff|desktop\u201d header_font_size_tablet=\u201d44px\u201d header_font_size_phone=\u201d32px\u201d header_font_size_last_edited=\u201don|phone\u201d border_color_all=\u201d#ffb400\u2033 border_width_left=\u201d3px\u201d border_color_left=\u201d#3294bf\u201d global_colors_info=\u201d{}\u201d]<\/p>\n<h1>Implementaci\u00f3n de Oficina de Proyectos (PMO) en las organizaciones<\/h1>\n<p>[\/et_pb_text][et_pb_text _builder_version=\u201d4.17.1\u2033 _module_preset=\u201ddefault\u201d text_font=\u201d||||||||\u201d text_font_size=\u201d18px\u201d text_line_height=\u201d1.6em\u201d header_font=\u201d||||||||\u201d background_layout=\u201ddark\u201d max_width=\u201d800px\u201d custom_margin=\u201d|||\u201d custom_padding=\u201d20px||20px||true\u201d text_font_size_tablet=\u201d18px\u201d text_font_size_phone=\u201d\u201d text_font_size_last_edited=\u201don|phone\u201d global_colors_info=\u201d{}\u201d]<\/p>\n<p><span><strong>PMCP Services<\/strong> est\u00e1 a tu total disposici\u00f3n. Cont\u00e1ctanos para m\u00e1s informaci\u00f3n.<\/span><\/p>\n<p>[\/et_pb_text][et_pb_button button_url=\u201d#contac\u201d button_text=\u201dCont\u00e1ctanos\u201d _builder_version=\u201d4.17.1\u2033 _module_preset=\u201ddefault\u201d custom_button=\u201don\u201d button_text_size=\u201d14px\u201d button_bg_color=\u201d#3294bf\u201d button_border_width=\u201d12px\u201d button_border_color=\u201d#3294bf\u201d button_border_radius=\u201d0px\u201d button_letter_spacing=\u201d1px\u201d button_font=\u201dRubik|700||on|||||\u201d button_icon=\u201d$||divi||400\u2033 background_layout=\u201ddark\u201d custom_margin=\u201d|||\u201d global_colors_info=\u201d{}\u201d button_text_size__hover_enabled=\u201doff\u201d button_one_text_size__hover_enabled=\u201doff\u201d button_two_text_size__hover_enabled=\u201doff\u201d button_text_color__hover_enabled=\u201doff\u201d button_one_text_color__hover_enabled=\u201doff\u201d button_two_text_color__hover_enabled=\u201doff\u201d button_border_width__hover_enabled=\u201doff\u201d button_one_border_width__hover_enabled=\u201doff\u201d button_two_border_width__hover_enabled=\u201doff\u201d button_border_color__hover_enabled=\u201don|hover\u201d button_one_border_color__hover_enabled=\u201doff\u201d button_two_border_color__hover_enabled=\u201doff\u201d button_border_radius__hover_enabled=\u201doff\u201d button_one_border_radius__hover_enabled=\u201doff\u201d button_two_border_radius__hover_enabled=\u201doff\u201d button_letter_spacing__hover_enabled=\u201doff\u201d button_one_letter_spacing__hover_enabled=\u201doff\u201d button_two_letter_spacing__hover_enabled=\u201doff\u201d button_bg_color__hover_enabled=\u201doff\u201d button_one_bg_color__hover_enabled=\u201doff\u201d button_two_bg_color__hover_enabled=\u201doff\u201d button_border_color__hover=\u201d#3294bf\u201d][\/et_pb_button][\/et_pb_column][\/et_pb_row][\/et_pb_section][et_pb_section fb_built=\u201d1\u2033 use_custom_gutter=\u201don\u201d gutter_width=\u201d1\u2033 specialty=\u201don\u201d background_color_2=\u201drgba(235,235,235,0.8)\u201d padding_top_2=\u201d60px\u201d admin_label=\u201dAbout Us\u201d module_class=\u201d et_pb_specialty_fullwidth\u201d _builder_version=\u201d4.17.1\u2033 _module_preset=\u201ddefault\u201d use_background_color_gradient=\u201don\u201d background_color_gradient_type=\u201dcircular\u201d background_color_gradient_direction_radial=\u201dtop left\u201d background_color_gradient_stops=\u201drgba(12,12,12,0.4) 0%|rgba(12,12,12,0) 100%\u201d background_color_gradient_overlays_image=\u201don\u201d background_color_gradient_start=\u201drgba(12,12,12,0.4)\u201d background_color_gradient_end=\u201drgba(12,12,12,0)\u201d background_image=\u201dhttp:\/\/www.pmcpservices.com\/wp-content\/uploads\/2023\/10\/Oficina-de-Proyectos-PMCP-Services2.webp\u201d inner_width=\u201d100%\u201d inner_width_tablet=\u201d100%\u201d inner_width_phone=\u201d100%\u201d inner_width_last_edited=\u201don|desktop\u201d inner_max_width=\u201d100%\u201d inner_max_width_tablet=\u201d100%\u201d inner_max_width_phone=\u201d100%\u201d inner_max_width_last_edited=\u201don|desktop\u201d custom_margin=\u201d|||\u201d custom_padding=\u201d0px|0px|0px|0px|true|false\u201d make_fullwidth=\u201don\u201d global_colors_info=\u201d{}\u201d][et_pb_column type=\u201d1_3\u2033 _builder_version=\u201d4.16\u2033 _module_preset=\u201ddefault\u201d custom_padding=\u201d|||\u201d global_colors_info=\u201d{}\u201d custom_padding__hover=\u201d|||\u201d][et_pb_divider show_divider=\u201doff\u201d disabled_on=\u201don|on|off\u201d _builder_version=\u201d4.17.1\u2033 _module_preset=\u201ddefault\u201d height=\u201d240px\u201d global_colors_info=\u201d{}\u201d][\/et_pb_divider][\/et_pb_column][et_pb_column type=\u201d2_3\u2033 specialty_columns=\u201d2\u2033 _builder_version=\u201d4.16\u2033 _module_preset=\u201ddefault\u201d background_color=\u201d#f7f7f7\u2033 custom_padding=\u201d|||\u201d global_colors_info=\u201d{}\u201d custom_padding__hover=\u201d|||\u201d][et_pb_row_inner custom_padding_last_edited=\u201don|tablet\u201d _builder_version=\u201d4.16\u2033 _module_preset=\u201ddefault\u201d custom_margin=\u201d|||\u201d custom_padding=\u201d|8vw|45px|8vw|false|false\u201d custom_padding_tablet=\u201d|40px||40px||true\u201d custom_padding_phone=\u201d\u201d global_colors_info=\u201d{}\u201d][et_pb_column_inner saved_specialty_column_type=\u201d2_3\u2033 _builder_version=\u201d4.16\u2033 _module_preset=\u201ddefault\u201d custom_padding=\u201d|||\u201d global_colors_info=\u201d{}\u201d custom_padding__hover=\u201d|||\u201d][et_pb_text _builder_version=\u201d4.17.1\u2033 _module_preset=\u201ddefault\u201d text_font=\u201d||||||||\u201d header_font=\u201d||||||||\u201d header_2_font=\u201dRubik|700|||||||\u201d header_2_text_color=\u201d#000000\u2033 header_2_font_size=\u201d42px\u201d header_2_line_height=\u201d1.2em\u201d module_alignment=\u201dcenter\u201d custom_margin=\u201d|||\u201d custom_padding=\u201d|||\u201d header_2_font_size_tablet=\u201d\u201d header_2_font_size_phone=\u201d36px\u201d header_2_font_size_last_edited=\u201don|phone\u201d locked=\u201doff\u201d global_colors_info=\u201d{}\u201d]<\/p>\n<h2>Un PMO a la medida de tus necesidades<\/h2>\n<p>[\/et_pb_text][et_pb_divider divider_position=\u201dcenter\u201d divider_weight=\u201d3px\u201d _builder_version=\u201d4.17.1\u2033 _module_preset=\u201ddefault\u201d max_width=\u201d50px\u201d global_colors_info=\u201d{}\u201d][\/et_pb_divider][\/et_pb_column_inner][\/et_pb_row_inner][et_pb_row_inner use_custom_gutter=\u201don\u201d custom_padding_last_edited=\u201don|tablet\u201d _builder_version=\u201d4.17.1\u2033 _module_preset=\u201ddefault\u201d module_alignment=\u201dcenter\u201d custom_margin=\u201d|||\u201d custom_padding=\u201d0px|8vw|0px|8vw|true|true\u201d custom_padding_tablet=\u201d|40px||40px||true\u201d custom_padding_phone=\u201d\u201d global_colors_info=\u201d{}\u201d][et_pb_column_inner saved_specialty_column_type=\u201d2_3\u2033 _builder_version=\u201d4.16\u2033 _module_preset=\u201ddefault\u201d custom_padding=\u201d|||\u201d custom_padding_tablet=\u201d|0px||\u201d custom_padding_last_edited=\u201doff|desktop\u201d global_colors_info=\u201d{}\u201d padding_tablet=\u201d|0px||\u201d padding_last_edited=\u201doff|desktop\u201d custom_padding__hover=\u201d|||\u201d][et_pb_text _builder_version=\u201d4.17.1\u2033 _module_preset=\u201ddefault\u201d text_font=\u201d||||||||\u201d text_text_color=\u201d#000000\u2033 text_font_size=\u201d16px\u201d text_line_height=\u201d1.8em\u201d custom_padding=\u201d|||\u201d custom_padding_tablet=\u201d|40px||40px||true\u201d custom_padding_last_edited=\u201doff|desktop\u201d global_colors_info=\u201d{}\u201d]<\/p>\n<p><strong>PMCP Services<\/strong> cuenta con un equipo de profesionales con la capacidad y la experiencia para ayudar a sus clientes a adecuar sus organizaciones para mejorar la ejecucion de sus proyectos.<\/p>\n<p>Y como sabemos, est\u00e1 cada vez m\u00e1s aceptado que las organizaciones que hacen proyectos deben capitalizar su conocimientos en ejecucion de proyectos, hacer repositorios del aprendizaje \u201c<em>know-how<\/em>\u201d, sistematizar los m\u00e9todos,\u00a0 procedimientos y herramientas para crecer y madurar en la ejecucion futura de proyectos exitosos, todo esto mediante la formalizaci\u00f3n de una Oficina de Proyectos de la organizaci\u00f3n, o como se conoce PMO por <em>Project Management Office<\/em> en la organizaci\u00f3n.<\/p>\n<p>PMCP Services cuenta con la experticia para ayudar a organizaciones a implementar su PMO a la medida de sus necesidades.<\/p>\n<p>[\/et_pb_text][\/et_pb_column_inner][\/et_pb_row_inner][et_pb_row_inner column_structure=\u201d1_2,1_2\u2033 padding_top_bottom_link_1=\u201dtrue\u201d padding_top_bottom_link_2=\u201dtrue\u201d _builder_version=\u201d4.17.1\u2033 _module_preset=\u201ddefault\u201d background_enable_color=\u201doff\u201d custom_margin=\u201d120px||0px|\u201d custom_padding=\u201d0px||0px||true\u201d animation_style=\u201dslide\u201d animation_direction=\u201dtop\u201d animation_intensity_slide=\u201d10%\u201d box_shadow_style=\u201dpreset3\u2033 box_shadow_vertical=\u201d30px\u201d box_shadow_blur=\u201d65px\u201d box_shadow_spread=\u201d-30px\u201d box_shadow_color=\u201drgba(0,0,0,0.35)\u201d global_colors_info=\u201d{}\u201d][et_pb_column_inner type=\u201d1_2\u2033 saved_specialty_column_type=\u201d2_3\u2033 _builder_version=\u201d4.17.1\u2033 _module_preset=\u201ddefault\u201d background_color=\u201d#055d97\u2033 custom_padding=\u201d15px||15px|\u201d global_colors_info=\u201d{}\u201d custom_padding__hover=\u201d|||\u201d][et_pb_number_counter title=\u201dServicios Realizados\u201d number=\u201d95\u2033 percent_sign=\u201doff\u201d _builder_version=\u201d4.17.1\u2033 _module_preset=\u201ddefault\u201d title_font=\u201dRubik|700||on|||||\u201d title_text_color=\u201d#FFFFFF\u201d title_font_size=\u201d12px\u201d title_letter_spacing=\u201d1px\u201d title_line_height=\u201d1.6em\u201d number_font=\u201dRubik|700|||||||\u201d number_text_color=\u201d#FFFFFF\u201d number_font_size=\u201d42px\u201d number_line_height=\u201d110px\u201d number_font_size_tablet=\u201d\u201d number_font_size_phone=\u201d36px\u201d number_font_size_last_edited=\u201don|phone\u201d global_colors_info=\u201d{}\u201d][\/et_pb_number_counter][\/et_pb_column_inner][et_pb_column_inner type=\u201d1_2\u2033 saved_specialty_column_type=\u201d2_3\u2033 _builder_version=\u201d4.17.1\u2033 _module_preset=\u201ddefault\u201d background_color=\u201d#000000\u2033 custom_padding=\u201d15px||15px|\u201d global_colors_info=\u201d{}\u201d custom_padding__hover=\u201d|||\u201d][et_pb_number_counter title=\u201dPa\u00edses\u201d number=\u201d+5\u2033 percent_sign=\u201doff\u201d _builder_version=\u201d4.17.1\u2033 _module_preset=\u201ddefault\u201d title_font=\u201dRubik|700||on|||||\u201d title_font_size=\u201d12px\u201d title_letter_spacing=\u201d1px\u201d title_line_height=\u201d1.6em\u201d number_font=\u201dRubik|700|||||||\u201d number_text_color=\u201d#ffffff\u201d number_font_size=\u201d42px\u201d number_line_height=\u201d110px\u201d background_layout=\u201ddark\u201d number_font_size_tablet=\u201d\u201d number_font_size_phone=\u201d36px\u201d number_font_size_last_edited=\u201don|phone\u201d locked=\u201doff\u201d global_colors_info=\u201d{}\u201d][\/et_pb_number_counter][\/et_pb_column_inner][\/et_pb_row_inner][\/et_pb_column][\/et_pb_section][et_pb_section fb_built=\u201d1\u2033 module_id=\u201dcontac\u201d _builder_version=\u201d4.17.1\u2033 _module_preset=\u201ddefault\u201d use_background_color_gradient=\u201don\u201d background_color_gradient_stops=\u201drgba(235,235,235,0.1) 0%|#ffffff 100%\u201d background_color_gradient_overlays_image=\u201don\u201d background_image=\u201dhttp:\/\/www.pmcpservices.com\/wp-content\/uploads\/2023\/10\/Patron-PMCP-Services-1.webp\u201d background_size=\u201dcontain\u201d background_position=\u201dtop_right\u201d custom_margin=\u201d0px||0px||false|false\u201d custom_padding=\u201d80px||0px||false|false\u201d locked=\u201doff\u201d global_colors_info=\u201d{}\u201d][et_pb_row custom_padding_last_edited=\u201don|phone\u201d _builder_version=\u201d4.17.1\u2033 _module_preset=\u201ddefault\u201d use_background_color_gradient=\u201don\u201d background_color_gradient_direction=\u201d185deg\u201d background_color_gradient_stops=\u201d#3294bf 1%|#ececec 100%\u201d width_tablet=\u201d90%\u201d width_phone=\u201d90%\u201d width_last_edited=\u201don|tablet\u201d max_width_tablet=\u201d1200%\u201d max_width_phone=\u201d1200%\u201d max_width_last_edited=\u201don|tablet\u201d custom_padding=\u201d100px|100px|100px|100px|true|true\u201d custom_padding_tablet=\u201d80px|80px|80px|80px|true|true\u201d custom_padding_phone=\u201d30px|20px|30px|20px|true|true\u201d locked=\u201doff\u201d global_colors_info=\u201d{}\u201d][et_pb_column type=\u201d4_4\u2033 _builder_version=\u201d4.17.1\u2033 _module_preset=\u201ddefault\u201d global_colors_info=\u201d{}\u201d][et_pb_text _builder_version=\u201d4.17.1\u2033 _module_preset=\u201ddefault\u201d text_font=\u201d||||||||\u201d text_text_color=\u201d#FFFFFF\u201d text_font_size=\u201d16px\u201d header_font=\u201d||||||||\u201d header_2_font=\u201dRubik|700|||||||\u201d header_2_text_color=\u201d#FFFFFF\u201d header_2_font_size=\u201d42px\u201d header_2_line_height=\u201d1.2em\u201d custom_margin=\u201d|||\u201d custom_padding=\u201d|||\u201d header_2_font_size_tablet=\u201d\u201d header_2_font_size_phone=\u201d36px\u201d header_2_font_size_last_edited=\u201don|phone\u201d locked=\u201doff\u201d global_colors_info=\u201d{}\u201d]<\/p>\n<h2>Cont\u00e1ctanos<\/h2>\n<p>Escr\u00edbenos y te responderemos a la brevedad posible, estaremos encantados en ayudarte y responder cualquier duda.<\/p>\n<p>[\/et_pb_text][et_pb_divider color=\u201d#055d97\u2033 divider_position=\u201dcenter\u201d divider_weight=\u201d3px\u201d _builder_version=\u201d4.17.1\u2033 _module_preset=\u201ddefault\u201d max_width=\u201d50px\u201d locked=\u201doff\u201d global_colors_info=\u201d{}\u201d][\/et_pb_divider][et_pb_contact_form captcha=\u201doff\u201d email=\u201dinfo@pmcpservices.com\u201d custom_message=\u201dCorreo PMCP Services||et_pb_line_break_holder||\u2014\u2014\u2014\u2014\u2014\u2014\u2014\u2014\u2014\u2014\u2014\u2014\u2014\u2014\u2014\u2014\u2014\u2014\u2014\u2014\u2014\u2014\u2014\u2014||et_pb_line_break_holder||Nombre y apellido: %%name%%||et_pb_line_break_holder||Nombre de la Empresa: %%Nameem%%||et_pb_line_break_holder||Sector de la Empresa: %%sect%%||et_pb_line_break_holder||Correo Electr\u00f3nico: %%email%%||et_pb_line_break_holder||Servicio Requerido: %%serv%%||et_pb_line_break_holder||Mensaje: %%message%%||et_pb_line_break_holder||\u2014\u2014\u2014\u2014\u2014\u2014\u2014\u2014\u2014\u2014\u2014\u2014\u2014\u2014\u2014\u2014\u2014\u2014\u2014\u2014\u2014\u2014\u2014\u2014\u201d submit_button_text=\u201dEnviar\u201d module_id=\u201det_pb_contact_form_0\u2033 _builder_version=\u201d4.17.1\u2033 _module_preset=\u201ddefault\u201d form_field_background_color=\u201d#FFFFFF\u201d form_field_text_color=\u201d#000000\u2033 form_field_focus_background_color=\u201d#FFFFFF\u201d form_field_focus_text_color=\u201d#000000\u2033 title_font=\u201d||||||||\u201d form_field_font=\u201d||||||||\u201d form_field_font_size=\u201d16px\u201d form_field_line_height=\u201d1.8em\u201d custom_button=\u201don\u201d button_text_size=\u201d14px\u201d button_text_color=\u201d#055d97\u2033 button_border_width=\u201d3px\u201d button_border_radius=\u201d0px\u201d button_letter_spacing=\u201d4px\u201d button_font=\u201dRubik|700||on|||||\u201d button_icon=\u201d$||divi||400\u2033 custom_margin=\u201d30px||30px||true\u201d custom_margin_last_edited=\u201doff|desktop\u201d hover_enabled=\u201d0\u2033 form_background_color=\u201d#ffffff\u201d locked=\u201doff\u201d global_colors_info=\u201d{}\u201d success_message=\u201dGracias por Escribirnos. Te responderemos a la brevedad posible.\u201d sticky_enabled=\u201d0\u2033][et_pb_contact_field field_id=\u201dName\u201d field_title=\u201dNombre Completo\u201d _builder_version=\u201d4.17.1\u2033 _module_preset=\u201ddefault\u201d global_colors_info=\u201d{}\u201d button_text_size__hover_enabled=\u201doff\u201d button_one_text_size__hover_enabled=\u201doff\u201d button_two_text_size__hover_enabled=\u201doff\u201d button_text_color__hover_enabled=\u201doff\u201d button_one_text_color__hover_enabled=\u201doff\u201d button_two_text_color__hover_enabled=\u201doff\u201d button_border_width__hover_enabled=\u201doff\u201d button_one_border_width__hover_enabled=\u201doff\u201d button_two_border_width__hover_enabled=\u201doff\u201d button_border_color__hover_enabled=\u201doff\u201d button_one_border_color__hover_enabled=\u201doff\u201d button_two_border_color__hover_enabled=\u201doff\u201d button_border_radius__hover_enabled=\u201doff\u201d button_one_border_radius__hover_enabled=\u201doff\u201d button_two_border_radius__hover_enabled=\u201doff\u201d button_letter_spacing__hover_enabled=\u201doff\u201d button_one_letter_spacing__hover_enabled=\u201doff\u201d button_two_letter_spacing__hover_enabled=\u201doff\u201d button_bg_color__hover_enabled=\u201doff\u201d button_one_bg_color__hover_enabled=\u201doff\u201d button_two_bg_color__hover_enabled=\u201doff\u201d][\/et_pb_contact_field][et_pb_contact_field field_id=\u201dNameem\u201d field_title=\u201dNombre de la Empresa\u201d _builder_version=\u201d4.17.1\u2033 _module_preset=\u201ddefault\u201d global_colors_info=\u201d{}\u201d button_text_size__hover_enabled=\u201doff\u201d button_one_text_size__hover_enabled=\u201doff\u201d button_two_text_size__hover_enabled=\u201doff\u201d button_text_color__hover_enabled=\u201doff\u201d button_one_text_color__hover_enabled=\u201doff\u201d button_two_text_color__hover_enabled=\u201doff\u201d button_border_width__hover_enabled=\u201doff\u201d button_one_border_width__hover_enabled=\u201doff\u201d button_two_border_width__hover_enabled=\u201doff\u201d button_border_color__hover_enabled=\u201doff\u201d button_one_border_color__hover_enabled=\u201doff\u201d button_two_border_color__hover_enabled=\u201doff\u201d button_border_radius__hover_enabled=\u201doff\u201d button_one_border_radius__hover_enabled=\u201doff\u201d button_two_border_radius__hover_enabled=\u201doff\u201d button_letter_spacing__hover_enabled=\u201doff\u201d button_one_letter_spacing__hover_enabled=\u201doff\u201d button_two_letter_spacing__hover_enabled=\u201doff\u201d button_bg_color__hover_enabled=\u201doff\u201d button_one_bg_color__hover_enabled=\u201doff\u201d button_two_bg_color__hover_enabled=\u201doff\u201d][\/et_pb_contact_field][et_pb_contact_field field_id=\u201dEmail\u201d field_title=\u201dDirecci\u00f3n de Correo\u201d field_type=\u201demail\u201d _builder_version=\u201d4.17.1\u2033 _module_preset=\u201ddefault\u201d global_colors_info=\u201d{}\u201d button_text_size__hover_enabled=\u201doff\u201d button_one_text_size__hover_enabled=\u201doff\u201d button_two_text_size__hover_enabled=\u201doff\u201d button_text_color__hover_enabled=\u201doff\u201d button_one_text_color__hover_enabled=\u201doff\u201d button_two_text_color__hover_enabled=\u201doff\u201d button_border_width__hover_enabled=\u201doff\u201d button_one_border_width__hover_enabled=\u201doff\u201d button_two_border_width__hover_enabled=\u201doff\u201d button_border_color__hover_enabled=\u201doff\u201d button_one_border_color__hover_enabled=\u201doff\u201d button_two_border_color__hover_enabled=\u201doff\u201d button_border_radius__hover_enabled=\u201doff\u201d button_one_border_radius__hover_enabled=\u201doff\u201d button_two_border_radius__hover_enabled=\u201doff\u201d button_letter_spacing__hover_enabled=\u201doff\u201d button_one_letter_spacing__hover_enabled=\u201doff\u201d button_two_letter_spacing__hover_enabled=\u201doff\u201d button_bg_color__hover_enabled=\u201doff\u201d button_one_bg_color__hover_enabled=\u201doff\u201d button_two_bg_color__hover_enabled=\u201doff\u201d][\/et_pb_contact_field][et_pb_contact_field field_id=\u201dsect\u201d field_title=\u201dSector de la Empresa\u201d _builder_version=\u201d4.17.1\u2033 _module_preset=\u201ddefault\u201d global_colors_info=\u201d{}\u201d button_text_size__hover_enabled=\u201doff\u201d button_one_text_size__hover_enabled=\u201doff\u201d button_two_text_size__hover_enabled=\u201doff\u201d button_text_color__hover_enabled=\u201doff\u201d button_one_text_color__hover_enabled=\u201doff\u201d button_two_text_color__hover_enabled=\u201doff\u201d button_border_width__hover_enabled=\u201doff\u201d button_one_border_width__hover_enabled=\u201doff\u201d button_two_border_width__hover_enabled=\u201doff\u201d button_border_color__hover_enabled=\u201doff\u201d button_one_border_color__hover_enabled=\u201doff\u201d button_two_border_color__hover_enabled=\u201doff\u201d button_border_radius__hover_enabled=\u201doff\u201d button_one_border_radius__hover_enabled=\u201doff\u201d button_two_border_radius__hover_enabled=\u201doff\u201d button_letter_spacing__hover_enabled=\u201doff\u201d button_one_letter_spacing__hover_enabled=\u201doff\u201d button_two_letter_spacing__hover_enabled=\u201doff\u201d button_bg_color__hover_enabled=\u201doff\u201d button_one_bg_color__hover_enabled=\u201doff\u201d button_two_bg_color__hover_enabled=\u201doff\u201d][\/et_pb_contact_field][et_pb_contact_field field_id=\u201dserv\u201d field_title=\u201d\u00bfQue Servicio Requiere tu empresa?\u201d field_type=\u201dcheckbox\u201d checkbox_options=\u201d%91{%22value%22:%22Servicios de Ingenier\u00eda Integral durante el Ciclo de Vida del Proyecto.%22,%22checked%22:0,%22dragID%22:-1},{%22value%22:%22Servicios de Consultor\u00eda y Gesti\u00f3n de Proyectos.%22,%22checked%22:0,%22dragID%22:0},{%22value%22:%22Capacitaci\u00f3n en Gesti\u00f3n de Proyectos a los equipos de nuestros Clientes%22,%22checked%22:0,%22dragID%22:1},{%22value%22:%22Implementaci\u00f3n de Oficina de Proyectos (PMO) en las organizaciones%22,%22checked%22:0,%22dragID%22:2}%93\u2033 fullwidth_field=\u201don\u201d _builder_version=\u201d4.17.1\u2033 _module_preset=\u201ddefault\u201d form_field_background_color=\u201d#FFFFFF\u201d form_field_text_color=\u201d#000000\u2033 global_colors_info=\u201d{}\u201d][\/et_pb_contact_field][et_pb_contact_field field_id=\u201dMessage\u201d field_title=\u201dMensaje\u201d field_type=\u201dtext\u201d fullwidth_field=\u201don\u201d _builder_version=\u201d4.17.1\u2033 _module_preset=\u201ddefault\u201d global_colors_info=\u201d{}\u201d button_text_size__hover_enabled=\u201doff\u201d button_one_text_size__hover_enabled=\u201doff\u201d button_two_text_size__hover_enabled=\u201doff\u201d button_text_color__hover_enabled=\u201doff\u201d button_one_text_color__hover_enabled=\u201doff\u201d button_two_text_color__hover_enabled=\u201doff\u201d button_border_width__hover_enabled=\u201doff\u201d button_one_border_width__hover_enabled=\u201doff\u201d button_two_border_width__hover_enabled=\u201doff\u201d button_border_color__hover_enabled=\u201doff\u201d button_one_border_color__hover_enabled=\u201doff\u201d button_two_border_color__hover_enabled=\u201doff\u201d button_border_radius__hover_enabled=\u201doff\u201d button_one_border_radius__hover_enabled=\u201doff\u201d button_two_border_radius__hover_enabled=\u201doff\u201d button_letter_spacing__hover_enabled=\u201doff\u201d button_one_letter_spacing__hover_enabled=\u201doff\u201d button_two_letter_spacing__hover_enabled=\u201doff\u201d button_bg_color__hover_enabled=\u201doff\u201d button_one_bg_color__hover_enabled=\u201doff\u201d button_two_bg_color__hover_enabled=\u201doff\u201d][\/et_pb_contact_field][\/et_pb_contact_form][\/et_pb_column][\/et_pb_row][\/et_pb_section]<\/p>\n<\/body>","protected":false},"excerpt":{"rendered":"<p>Implementaci\u00f3n de Oficina de Proyectos (PMO) en las organizacionesPMCP Services est\u00e1 a tu total disposici\u00f3n. Cont\u00e1ctanos para m\u00e1s informaci\u00f3n.Un PMO a la medida de tus necesidadesPMCP Services cuenta con un equipo de profesionales con la capacidad y la experiencia para ayudar a sus clientes a adecuar sus organizaciones para mejorar la ejecucion de sus proyectos. [&hellip;]<\/p>\n","protected":false},"author":1,"featured_media":0,"parent":0,"menu_order":0,"comment_status":"closed","ping_status":"closed","template":"","meta":{"_et_pb_use_builder":"on","_et_pb_old_content":"<!-- wp:divi\/placeholder \/-->","_et_gb_content_width":"","om_disable_all_campaigns":false,"footnotes":""},"class_list":["post-416","page","type-page","status-publish","hentry"],"jetpack_sharing_enabled":true,"_links":{"self":[{"href":"https:\/\/www.pmcpservices.com\/en\/wp-json\/wp\/v2\/pages\/416","targetHints":{"allow":["GET"]}}],"collection":[{"href":"https:\/\/www.pmcpservices.com\/en\/wp-json\/wp\/v2\/pages"}],"about":[{"href":"https:\/\/www.pmcpservices.com\/en\/wp-json\/wp\/v2\/types\/page"}],"author":[{"embeddable":true,"href":"https:\/\/www.pmcpservices.com\/en\/wp-json\/wp\/v2\/users\/1"}],"replies":[{"embeddable":true,"href":"https:\/\/www.pmcpservices.com\/en\/wp-json\/wp\/v2\/comments?post=416"}],"version-history":[{"count":15,"href":"https:\/\/www.pmcpservices.com\/en\/wp-json\/wp\/v2\/pages\/416\/revisions"}],"predecessor-version":[{"id":765,"href":"https:\/\/www.pmcpservices.com\/en\/wp-json\/wp\/v2\/pages\/416\/revisions\/765"}],"wp:attachment":[{"href":"https:\/\/www.pmcpservices.com\/en\/wp-json\/wp\/v2\/media?parent=416"}],"curies":[{"name":"wp","href":"https:\/\/api.w.org\/{rel}","templated":true}]}}